{"id":3132,"date":"2021-01-14T07:38:01","date_gmt":"2021-01-14T07:38:01","guid":{"rendered":"https:\/\/wp.ditsolution.net\/techno?page_id=3132"},"modified":"2024-01-24T19:01:42","modified_gmt":"2024-01-24T22:01:42","slug":"contato","status":"publish","type":"page","link":"https:\/\/sersingularmente.com.br\/site\/contato\/","title":{"rendered":"Contato"},"content":{"rendered":"\t\t<div data-elementor-type=\"wp-page\" data-elementor-id=\"3132\" class=\"elementor elementor-3132\" data-elementor-post-type=\"page\">\n\t\t\t\t\t\t<section class=\"elementor-section elementor-top-section elementor-element elementor-element-4300860 elementor-section-boxed elementor-section-height-default elementor-section-height-default\" data-id=\"4300860\" data-element_type=\"section\">\n\t\t\t\t\t\t<div class=\"elementor-container elementor-column-gap-default\">\n\t\t\t\t\t<div class=\"elementor-column elementor-col-100 elementor-top-column elementor-element elementor-element-a912982\" data-id=\"a912982\" data-element_type=\"column\">\n\t\t\t<div class=\"elementor-widget-wrap\">\n\t\t\t\t\t\t\t<\/div>\n\t\t<\/div>\n\t\t\t\t\t<\/div>\n\t\t<\/section>\n\t\t\t\t<section class=\"elementor-section elementor-top-section elementor-element elementor-element-aaa6818 elementor-section-boxed elementor-section-height-default elementor-section-height-default\" data-id=\"aaa6818\" data-element_type=\"section\" data-settings=\"{&quot;background_background&quot;:&quot;classic&quot;}\">\n\t\t\t\t\t\t<div class=\"elementor-container elementor-column-gap-default\">\n\t\t\t\t\t<div class=\"elementor-column elementor-col-100 elementor-top-column elementor-element elementor-element-50d87a7\" data-id=\"50d87a7\" data-element_type=\"column\">\n\t\t\t<div class=\"elementor-widget-wrap elementor-element-populated\">\n\t\t\t\t\t\t<div class=\"elementor-element elementor-element-61880a7 elementor-widget elementor-widget-sectiontitle\" data-id=\"61880a7\" data-element_type=\"widget\" data-widget_type=\"sectiontitle.default\">\n\t\t\t\t<div class=\"elementor-widget-container\">\n\t\t\t\t\t\r\n\t\t\t\t\t<div class=\"\">\r\n\r\n\t\t\t\t<div class=\"section-title t_center\">\r\n\t\t\t\t\t \r\n\t\t\t\t\t\t<h5>CONTATO<\/h5>\r\n\t\t\t\t\t\r\n\t\t\t\t\t \r\n\t\t\t\t\t\t<h3>Vamos conversar?<\/h3>\r\n\t\t\t\t\t\r\n\t\t\t\t\t\t\t\t\t\t<div class=\"bar-main\">\r\n\t\t\t\t\t\t<div class=\"bar bar-big\"><\/div>\r\n\t\t\t\t\t<\/div>\r\n\r\n\t\t\t\t\t \r\n\t\t\t\t\t\t<p>Este \u00e9 o nosso canal de comunica\u00e7\u00e3o para temas singulares, informa\u00e7\u00f5es e contribui\u00e7\u00f5es sobre Superdota\u00e7\u00e3o e Dupla Excepcionalidade; partilha e troca; respeito e pertencimento.<\/p>\r\n\t\t\t\t\t\r\n\r\n\r\n\t\t\t\t<\/div>\t\r\n\r\n\t\t\t<\/div>\r\n\r\n\t\t\r\n\t\t\t\t\t\t<\/div>\n\t\t\t\t<\/div>\n\t\t\t\t<div class=\"elementor-element elementor-element-c163e13 elementor-widget elementor-widget-shortcode\" data-id=\"c163e13\" data-element_type=\"widget\" data-widget_type=\"shortcode.default\">\n\t\t\t\t<div class=\"elementor-widget-container\">\n\t\t\t\t\t\t\t<div class=\"elementor-shortcode\"><div class=\"wpforms-container wpforms-container-full wpforms-render-modern\" id=\"wpforms-13618\"><form id=\"wpforms-form-13618\" class=\"wpforms-validate wpforms-form wpforms-ajax-form\" data-formid=\"13618\" method=\"post\" enctype=\"multipart\/form-data\" action=\"\/site\/wp-json\/wp\/v2\/pages\/3132\" data-token=\"d808336fd273b57011a94b32c71d7ed3\" data-token-time=\"1776956505\"><noscript class=\"wpforms-error-noscript\">Ative o JavaScript no seu navegador para preencher este formul\u00e1rio.<\/noscript><div class=\"wpforms-hidden\" id=\"wpforms-error-noscript\">Ative o JavaScript no seu navegador para preencher este formul\u00e1rio.<\/div><div class=\"wpforms-field-container\"><div id=\"wpforms-13618-field_0-container\" class=\"wpforms-field wpforms-field-name\" data-field-id=\"0\"><label class=\"wpforms-field-label\" for=\"wpforms-13618-field_0\">Nome <span class=\"wpforms-required-label\" aria-hidden=\"true\">*<\/span><\/label><input type=\"text\" id=\"wpforms-13618-field_0\" class=\"wpforms-field-large wpforms-field-required\" name=\"wpforms[fields][0]\" aria-errormessage=\"wpforms-13618-field_0-error\" required><\/div><div id=\"wpforms-13618-field_1-container\" class=\"wpforms-field wpforms-field-email\" data-field-id=\"1\"><label class=\"wpforms-field-label\" for=\"wpforms-13618-field_1\">E-mail <span class=\"wpforms-required-label\" aria-hidden=\"true\">*<\/span><\/label><input type=\"email\" id=\"wpforms-13618-field_1\" class=\"wpforms-field-large wpforms-field-required\" name=\"wpforms[fields][1]\" spellcheck=\"false\" aria-errormessage=\"wpforms-13618-field_1-error\" required><\/div><div id=\"wpforms-13618-field_4-container\" class=\"wpforms-field wpforms-field-text\" data-field-id=\"4\"><label class=\"wpforms-field-label\" for=\"wpforms-13618-field_4\">Telefone <span class=\"wpforms-required-label\" aria-hidden=\"true\">*<\/span><\/label><input type=\"text\" id=\"wpforms-13618-field_4\" class=\"wpforms-field-large wpforms-field-required\" name=\"wpforms[fields][4]\" aria-errormessage=\"wpforms-13618-field_4-error\" required><\/div><div id=\"wpforms-13618-field_2-container\" class=\"wpforms-field wpforms-field-textarea\" data-field-id=\"2\"><label class=\"wpforms-field-label\" for=\"wpforms-13618-field_2\">Mensagem<\/label><textarea id=\"wpforms-13618-field_2\" class=\"wpforms-field-medium\" name=\"wpforms[fields][2]\" aria-errormessage=\"wpforms-13618-field_2-error\" ><\/textarea><\/div><\/div><!-- .wpforms-field-container --><div class=\"wpforms-submit-container\" ><input type=\"hidden\" name=\"wpforms[id]\" value=\"13618\"><input type=\"hidden\" name=\"page_title\" value=\"\"><input type=\"hidden\" name=\"page_url\" value=\"https:\/\/sersingularmente.com.br\/site\/wp-json\/wp\/v2\/pages\/3132\"><input type=\"hidden\" name=\"url_referer\" value=\"\"><button type=\"submit\" name=\"wpforms[submit]\" id=\"wpforms-submit-13618\" class=\"wpforms-submit\" data-alt-text=\"Enviando\u2026\" data-submit-text=\"Enviar\" aria-live=\"assertive\" value=\"wpforms-submit\">Enviar<\/button><img decoding=\"async\" src=\"https:\/\/sersingularmente.com.br\/site\/wp-content\/plugins\/wpforms-lite\/assets\/images\/submit-spin.svg\" class=\"wpforms-submit-spinner\" style=\"display: none;\" width=\"26\" height=\"26\" alt=\"Carregando\"><\/div><\/form><\/div>  <!-- .wpforms-container --><\/div>\n\t\t\t\t\t\t<\/div>\n\t\t\t\t<\/div>\n\t\t\t\t\t<\/div>\n\t\t<\/div>\n\t\t\t\t\t<\/div>\n\t\t<\/section>\n\t\t\t\t<\/div>\n\t\t","protected":false},"excerpt":{"rendered":"<p>CONTATO Vamos conversar? Este \u00e9 o nosso canal de comunica\u00e7\u00e3o para temas singulares, informa\u00e7\u00f5es e contribui\u00e7\u00f5es sobre Superdota\u00e7\u00e3o e Dupla Excepcionalidade; partilha e troca; respeito e pertencimento.<\/p>\n","protected":false},"author":1,"featured_media":0,"parent":0,"menu_order":0,"comment_status":"closed","ping_status":"closed","template":"page-templates\/template-default.php","meta":{"footnotes":""},"class_list":["post-3132","page","type-page","status-publish","hentry"],"aioseo_notices":[],"_links":{"self":[{"href":"https:\/\/sersingularmente.com.br\/site\/wp-json\/wp\/v2\/pages\/3132","targetHints":{"allow":["GET"]}}],"collection":[{"href":"https:\/\/sersingularmente.com.br\/site\/wp-json\/wp\/v2\/pages"}],"about":[{"href":"https:\/\/sersingularmente.com.br\/site\/wp-json\/wp\/v2\/types\/page"}],"author":[{"embeddable":true,"href":"https:\/\/sersingularmente.com.br\/site\/wp-json\/wp\/v2\/users\/1"}],"replies":[{"embeddable":true,"href":"https:\/\/sersingularmente.com.br\/site\/wp-json\/wp\/v2\/comments?post=3132"}],"version-history":[{"count":7,"href":"https:\/\/sersingularmente.com.br\/site\/wp-json\/wp\/v2\/pages\/3132\/revisions"}],"predecessor-version":[{"id":13626,"href":"https:\/\/sersingularmente.com.br\/site\/wp-json\/wp\/v2\/pages\/3132\/revisions\/13626"}],"wp:attachment":[{"href":"https:\/\/sersingularmente.com.br\/site\/wp-json\/wp\/v2\/media?parent=3132"}],"curies":[{"name":"wp","href":"https:\/\/api.w.org\/{rel}","templated":true}]}}