{"id":3,"date":"2023-12-29T18:12:55","date_gmt":"2023-12-29T18:12:55","guid":{"rendered":"https:\/\/sersingularmente.com.br\/site\/?page_id=3"},"modified":"2024-01-25T12:03:01","modified_gmt":"2024-01-25T15:03:01","slug":"politica-de-privacidade","status":"publish","type":"page","link":"https:\/\/sersingularmente.com.br\/site\/politica-de-privacidade\/","title":{"rendered":"Pol\u00edtica de privacidade"},"content":{"rendered":"\n<p>A <strong>Singularmente<\/strong>, em respeito \u00e0 sua privacidade e pela transpar\u00eancia, dedica este documento para explicar como os seus dados pessoais ser\u00e3o tratados e quais s\u00e3o as medidas que aplicamos para mant\u00ea-los seguros<\/p>\n\n\n\n<p>Somos o controlador, inscrita no <strong>CNPJ [N\u00daMERO CNPJ &#8211; NOME DA EMPRESA]<\/strong>, com endere\u00e7o na <strong>[ENDERE\u00c7O]<\/strong>, e segundo a defini\u00e7\u00e3o trazida pela Lei Geral de Prote\u00e7\u00e3o de Dados Pessoais \u201cLGPD\u201d, Lei n\u00ba 13.709\/2018, \u00e9 a legisla\u00e7\u00e3o brasileira que regula as atividades de tratamento de dados pessoais, seremos o controlador das suas informa\u00e7\u00f5es, sendo assim, respons\u00e1vel por definir o que acontece com estes dados e por proteg\u00ea-los.<\/p>\n\n\n\n<p><strong><span style=\"text-decoration: underline;\">Gerenciamento de Cookies<\/span><\/strong><\/p>\n\n\n\n<p>Podemos coletar informa\u00e7\u00f5es sobre a navega\u00e7\u00e3o: Localiza\u00e7\u00e3o geogr\u00e1fica, sistema operacional utilizado pelo usu\u00e1rio, navegador, Informa\u00e7\u00f5es referentes \u00e0 data e hora de uso dos nossos sites, Informa\u00e7\u00f5es referentes \u00e0s quantidades de cliques e tentativas de uso dos nossos sites e\/ou aplicativos, bem como de p\u00e1ginas acessadas pelo usu\u00e1rio.<br><br>Todas essas informa\u00e7\u00f5es coletadas de forma estat\u00edstica para a experi\u00eancia dos usu\u00e1rios em nossos servi\u00e7os. Para garantir que o conte\u00fado do nosso site seja apresentado da maneira mais eficaz para voc\u00ea e para o seu computador.<br><br>Estes s\u00e3o dados estat\u00edsticos sobre as a\u00e7\u00f5es e padr\u00f5es de navega\u00e7\u00e3o de nossos usu\u00e1rios e n\u00e3o identificam nenhum indiv\u00edduo ou coletam informa\u00e7\u00f5es pessoais.<\/p>\n\n\n\n<p>Voc\u00ea pode se recusar a aceitar cookies ativando a configura\u00e7\u00e3o no seu navegador, o que lhe permite recusar cookies. No entanto, se voc\u00ea selecionar essa configura\u00e7\u00e3o, talvez n\u00e3o consiga acessar determinadas partes do nosso site. A menos que voc\u00ea tenha ajustado a configura\u00e7\u00e3o do seu navegador para recusar cookies, nosso sistema emitir\u00e1 cookies quando voc\u00ea acessar o nosso site.<\/p>\n\n\n\n<p>Esta pol\u00edtica aplica-se apenas ao nosso site. Se voc\u00ea sair do nosso site por meio de um link ou de outra forma, estar\u00e1 sujeito \u00e0 pol\u00edtica do provedor do site espec\u00edfico. N\u00e3o temos controle sobre a pol\u00edtica ou termos de outros sites. \u00c9 sua responsabilidade verificar a pol\u00edtica deles antes de continuar a acess\u00e1-los.<\/p>\n\n\n\n<p><strong><span style=\"text-decoration: underline;\">Seguran\u00e7a<\/span><\/strong><\/p>\n\n\n\n<p>Tomamos as medidas de seguran\u00e7a t\u00e9cnica f\u00edsica, l\u00f3gicas e administrativas, seguindo as melhores pr\u00e1ticas de governan\u00e7a corporativa com o alinhamento estrat\u00e9gico da tecnologia da informa\u00e7\u00e3o.<\/p>\n\n\n\n<p>Usamos as melhores tecnologias dispon\u00edveis, para os controles, firewall, antiv\u00edrus e VPN.<\/p>\n\n\n\n<p><strong><span style=\"text-decoration: underline;\">Altera\u00e7\u00f5es na nossa pol\u00edtica de privacidade<\/span><\/strong><\/p>\n\n\n\n<p>A qualquer momento poder\u00e1 ocorrer mudan\u00e7a da pol\u00edtica de privacidade, de forma unilateral. Para atendimento as necessidades do neg\u00f3cios e\/ou enquadramento regulat\u00f3rio da Lei LGPD.<\/p>\n\n\n\n<p>Desta forma, convidamos a visita peri\u00f3dica desta p\u00e1gina para que voc\u00ea tenha conhecimento sobre as modifica\u00e7\u00f5es efetivadas. Tais mudan\u00e7as ser\u00e3o publicadas em nosso site no endere\u00e7o: <a href=\"https:\/\/sersingularmente.com.br\/site\/politica-de-privacidade\/\">https:\/\/sersingularmente.com.br\/site\/politica-de-privacidade\/<\/a><\/p>\n\n\n\n<p><strong><span style=\"text-decoration: underline;\">Contato<\/span><\/strong><\/p>\n\n\n\n<p>Respeitando o art. 18 da LGPD, caso tenha qualquer quest\u00e3o em rela\u00e7\u00e3o a esta Pol\u00edtica de Privacidade, ou at\u00e9 mesmo atualizar, alterar, corrigir ou eliminar qualquer informa\u00e7\u00e3o, o Titular dos Dados poder\u00e1 entrar em contato com a Constrowins.<\/p>\n\n\n\n<p>Entre em contato por meio do e-mail: <a href=\"mailto:contato@sersingularmente.com.br\">contato@sersingularmente.com.br<\/a><\/p>\n","protected":false},"excerpt":{"rendered":"<p>A Singularmente, em respeito \u00e0 sua privacidade e pela transpar\u00eancia, dedica este documento para explicar como os seus dados pessoais ser\u00e3o tratados e quais s\u00e3o as medidas que aplicamos para mant\u00ea-los seguros Somos o controlador, inscrita no CNPJ [N\u00daMERO CNPJ &#8211; NOME DA EMPRESA], com endere\u00e7o na [ENDERE\u00c7O], e segundo a defini\u00e7\u00e3o trazida pela Lei [&hellip;]<\/p>\n","protected":false},"author":1,"featured_media":0,"parent":0,"menu_order":0,"comment_status":"closed","ping_status":"open","template":"","meta":{"footnotes":""},"class_list":["post-3","page","type-page","status-publish","hentry"],"aioseo_notices":[],"_links":{"self":[{"href":"https:\/\/sersingularmente.com.br\/site\/wp-json\/wp\/v2\/pages\/3","targetHints":{"allow":["GET"]}}],"collection":[{"href":"https:\/\/sersingularmente.com.br\/site\/wp-json\/wp\/v2\/pages"}],"about":[{"href":"https:\/\/sersingularmente.com.br\/site\/wp-json\/wp\/v2\/types\/page"}],"author":[{"embeddable":true,"href":"https:\/\/sersingularmente.com.br\/site\/wp-json\/wp\/v2\/users\/1"}],"replies":[{"embeddable":true,"href":"https:\/\/sersingularmente.com.br\/site\/wp-json\/wp\/v2\/comments?post=3"}],"version-history":[{"count":2,"href":"https:\/\/sersingularmente.com.br\/site\/wp-json\/wp\/v2\/pages\/3\/revisions"}],"predecessor-version":[{"id":13768,"href":"https:\/\/sersingularmente.com.br\/site\/wp-json\/wp\/v2\/pages\/3\/revisions\/13768"}],"wp:attachment":[{"href":"https:\/\/sersingularmente.com.br\/site\/wp-json\/wp\/v2\/media?parent=3"}],"curies":[{"name":"wp","href":"https:\/\/api.w.org\/{rel}","templated":true}]}}