{"id":14102,"date":"2025-06-26T13:28:51","date_gmt":"2025-06-26T16:28:51","guid":{"rendered":"https:\/\/sersingularmente.com.br\/site\/?page_id=14102"},"modified":"2025-06-26T17:42:57","modified_gmt":"2025-06-26T20:42:57","slug":"guia-de-leitura-com-proposito-ernesto","status":"publish","type":"page","link":"https:\/\/sersingularmente.com.br\/site\/guia-de-leitura-com-proposito-ernesto\/","title":{"rendered":"Guia de Leitura com Prop\u00f3sito &#8211; Ernesto"},"content":{"rendered":"\t\t<div data-elementor-type=\"wp-page\" data-elementor-id=\"14102\" class=\"elementor elementor-14102\" data-elementor-post-type=\"page\">\n\t\t\t\t<section class=\"elementor-element elementor-element-2f8a729a e-flex e-con-boxed e-con e-parent\" data-id=\"2f8a729a\" data-element_type=\"container\" data-settings=\"{&quot;background_background&quot;:&quot;classic&quot;}\">\n\t\t\t\t\t<div class=\"e-con-inner\">\n\t\t<div class=\"elementor-element elementor-element-114672bd e-con-full e-flex e-con e-child\" data-id=\"114672bd\" data-element_type=\"container\">\n\t\t\t\t<div class=\"elementor-element elementor-element-24a7e69e elementor-position-left elementor-vertical-align-middle elementor-widget elementor-widget-image-box\" data-id=\"24a7e69e\" data-element_type=\"widget\" data-widget_type=\"image-box.default\">\n\t\t\t\t<div class=\"elementor-widget-container\">\n\t\t\t\t\t<div class=\"elementor-image-box-wrapper\"><figure class=\"elementor-image-box-img\"><img fetchpriority=\"high\" decoding=\"async\" width=\"1000\" height=\"954\" src=\"https:\/\/sersingularmente.com.br\/site\/wp-content\/uploads\/2024\/01\/selo.png\" class=\"attachment-full size-full wp-image-13676\" alt=\"\" srcset=\"https:\/\/sersingularmente.com.br\/site\/wp-content\/uploads\/2024\/01\/selo.png 1000w, https:\/\/sersingularmente.com.br\/site\/wp-content\/uploads\/2024\/01\/selo-300x286.png 300w, https:\/\/sersingularmente.com.br\/site\/wp-content\/uploads\/2024\/01\/selo-768x733.png 768w\" sizes=\"(max-width: 1000px) 100vw, 1000px\" \/><\/figure><div class=\"elementor-image-box-content\"><h3 class=\"elementor-image-box-title\">BAIXE GR\u00c1TIS<\/h3><p class=\"elementor-image-box-description\">Guia Pr\u00e1tico de Leitura Infantil com Prop\u00f3sito<\/p><\/div><\/div>\t\t\t\t<\/div>\n\t\t\t\t<\/div>\n\t\t<div class=\"elementor-element elementor-element-3fe3efe4 e-con-full e-flex e-con e-child\" data-id=\"3fe3efe4\" data-element_type=\"container\">\n\t\t<div class=\"elementor-element elementor-element-4dfa61db e-con-full e-flex e-con e-child\" data-id=\"4dfa61db\" data-element_type=\"container\">\n\t\t\t\t<div class=\"elementor-element elementor-element-160044e3 elementor-hidden-desktop elementor-hidden-tablet elementor-widget elementor-widget-heading\" data-id=\"160044e3\" data-element_type=\"widget\" data-widget_type=\"heading.default\">\n\t\t\t\t<div class=\"elementor-widget-container\">\n\t\t\t\t\t<h2 class=\"elementor-heading-title elementor-size-default\">Para receber o guia e ficar por dentro dos nossos eventos, fa\u00e7a seu cadastro abaixo:<\/h2>\t\t\t\t<\/div>\n\t\t\t\t<\/div>\n\t\t\t\t<div class=\"elementor-element elementor-element-136d31e7 elementor-widget elementor-widget-image\" data-id=\"136d31e7\" data-element_type=\"widget\" data-widget_type=\"image.default\">\n\t\t\t\t<div class=\"elementor-widget-container\">\n\t\t\t\t\t\t\t\t\t\t\t\t\t\t\t<img decoding=\"async\" width=\"724\" height=\"1024\" src=\"https:\/\/sersingularmente.com.br\/site\/wp-content\/uploads\/2025\/06\/Mockup-Isca-1-724x1024.webp\" class=\"attachment-large size-large wp-image-14107\" alt=\"\" srcset=\"https:\/\/sersingularmente.com.br\/site\/wp-content\/uploads\/2025\/06\/Mockup-Isca-1-724x1024.webp 724w, https:\/\/sersingularmente.com.br\/site\/wp-content\/uploads\/2025\/06\/Mockup-Isca-1-212x300.webp 212w, https:\/\/sersingularmente.com.br\/site\/wp-content\/uploads\/2025\/06\/Mockup-Isca-1-768x1086.webp 768w, https:\/\/sersingularmente.com.br\/site\/wp-content\/uploads\/2025\/06\/Mockup-Isca-1-1086x1536.webp 1086w, https:\/\/sersingularmente.com.br\/site\/wp-content\/uploads\/2025\/06\/Mockup-Isca-1.webp 1414w\" sizes=\"(max-width: 724px) 100vw, 724px\" \/>\t\t\t\t\t\t\t\t\t\t\t\t\t\t\t<\/div>\n\t\t\t\t<\/div>\n\t\t\t\t<\/div>\n\t\t<div class=\"elementor-element elementor-element-30855820 e-con-full e-flex e-con e-child\" data-id=\"30855820\" data-element_type=\"container\">\n\t\t\t\t<div class=\"elementor-element elementor-element-4addb883 elementor-hidden-mobile elementor-widget elementor-widget-heading\" data-id=\"4addb883\" data-element_type=\"widget\" data-widget_type=\"heading.default\">\n\t\t\t\t<div class=\"elementor-widget-container\">\n\t\t\t\t\t<h2 class=\"elementor-heading-title elementor-size-default\">Para receber o guia e ficar por dentro dos nossos eventos, fa\u00e7a seu cadastro abaixo:<\/h2>\t\t\t\t<\/div>\n\t\t\t\t<\/div>\n\t\t\t\t<div class=\"elementor-element elementor-element-6f764fb elementor-button-align-stretch elementor-widget elementor-widget-form\" data-id=\"6f764fb\" data-element_type=\"widget\" data-settings=\"{&quot;step_next_label&quot;:&quot;Pr\\u00f3ximo&quot;,&quot;step_previous_label&quot;:&quot;Anterior&quot;,&quot;button_width&quot;:&quot;100&quot;,&quot;step_type&quot;:&quot;number_text&quot;,&quot;step_icon_shape&quot;:&quot;circle&quot;}\" data-widget_type=\"form.default\">\n\t\t\t\t<div class=\"elementor-widget-container\">\n\t\t\t\t\t\t\t<form class=\"elementor-form\" method=\"post\" name=\"Novo formul\u00e1rio\">\n\t\t\t<input type=\"hidden\" name=\"post_id\" value=\"14102\"\/>\n\t\t\t<input type=\"hidden\" name=\"form_id\" value=\"6f764fb\"\/>\n\t\t\t<input type=\"hidden\" name=\"referer_title\" value=\"\" \/>\n\n\t\t\t\n\t\t\t<div class=\"elementor-form-fields-wrapper elementor-labels-above\">\n\t\t\t\t\t\t\t\t<div class=\"elementor-field-type-text elementor-field-group elementor-column elementor-field-group-nome elementor-col-100 elementor-field-required\">\n\t\t\t\t\t\t\t\t\t\t\t\t<label for=\"form-field-nome\" class=\"elementor-field-label\">\n\t\t\t\t\t\t\t\tNome\t\t\t\t\t\t\t<\/label>\n\t\t\t\t\t\t\t\t\t\t\t\t\t\t<input size=\"1\" type=\"text\" name=\"form_fields[nome]\" id=\"form-field-nome\" class=\"elementor-field elementor-size-sm  elementor-field-textual\" placeholder=\"Nome\" required=\"required\">\n\t\t\t\t\t\t\t\t\t\t\t<\/div>\n\t\t\t\t\t\t\t\t<div class=\"elementor-field-type-email elementor-field-group elementor-column elementor-field-group-email elementor-col-100 elementor-field-required\">\n\t\t\t\t\t\t\t\t\t\t\t\t<label for=\"form-field-email\" class=\"elementor-field-label\">\n\t\t\t\t\t\t\t\tE-mail\t\t\t\t\t\t\t<\/label>\n\t\t\t\t\t\t\t\t\t\t\t\t\t\t<input size=\"1\" type=\"email\" name=\"form_fields[email]\" id=\"form-field-email\" class=\"elementor-field elementor-size-sm  elementor-field-textual\" placeholder=\"E-mail\" required=\"required\">\n\t\t\t\t\t\t\t\t\t\t\t<\/div>\n\t\t\t\t\t\t\t\t<div class=\"elementor-field-type-text elementor-field-group elementor-column elementor-field-group-fone elementor-col-100 elementor-field-required\">\n\t\t\t\t\t\t\t\t\t\t\t\t<label for=\"form-field-fone\" class=\"elementor-field-label\">\n\t\t\t\t\t\t\t\tFone\/Whatsapp\t\t\t\t\t\t\t<\/label>\n\t\t\t\t\t\t\t\t\t\t\t\t\t\t<input size=\"1\" type=\"text\" name=\"form_fields[fone]\" id=\"form-field-fone\" class=\"elementor-field elementor-size-sm  elementor-field-textual\" placeholder=\"DDD + N\u00famero (ex: 11 9 9999-9999)\" required=\"required\">\n\t\t\t\t\t\t\t\t\t\t\t<\/div>\n\t\t\t\t\t\t\t\t<div class=\"elementor-field-type-text elementor-field-group elementor-column elementor-field-group-local elementor-col-100 elementor-field-required\">\n\t\t\t\t\t\t\t\t\t\t\t\t<label for=\"form-field-local\" class=\"elementor-field-label\">\n\t\t\t\t\t\t\t\tCidade\/Estado\t\t\t\t\t\t\t<\/label>\n\t\t\t\t\t\t\t\t\t\t\t\t\t\t<input size=\"1\" type=\"text\" name=\"form_fields[local]\" id=\"form-field-local\" class=\"elementor-field elementor-size-sm  elementor-field-textual\" placeholder=\"(ex: Goi\u00e2nia\/GO)\" required=\"required\">\n\t\t\t\t\t\t\t\t\t\t\t<\/div>\n\t\t\t\t\t\t\t\t<div class=\"elementor-field-type-radio elementor-field-group elementor-column elementor-field-group-perfil elementor-col-100 elementor-field-required\">\n\t\t\t\t\t\t\t\t\t\t\t\t<label for=\"form-field-perfil\" class=\"elementor-field-label\">\n\t\t\t\t\t\t\t\tPerfil\t\t\t\t\t\t\t<\/label>\n\t\t\t\t\t\t<div class=\"elementor-field-subgroup  \"><span class=\"elementor-field-option\"><input type=\"radio\" value=\"Profissional\" id=\"form-field-perfil-0\" name=\"form_fields[perfil]\" required=\"required\"> <label for=\"form-field-perfil-0\">Profissional<\/label><\/span><span class=\"elementor-field-option\"><input type=\"radio\" value=\"M\u00e3e\/Pai\" id=\"form-field-perfil-1\" name=\"form_fields[perfil]\" required=\"required\"> <label for=\"form-field-perfil-1\">M\u00e3e\/Pai<\/label><\/span><\/div>\t\t\t\t<\/div>\n\t\t\t\t\t\t\t\t<div class=\"elementor-field-type-text elementor-field-group elementor-column elementor-field-group-Profissional elementor-col-100\">\n\t\t\t\t\t\t\t\t\t\t\t\t<label for=\"form-field-Profissional\" class=\"elementor-field-label\">\n\t\t\t\t\t\t\t\tInforme qual a sua \u00e1rea de atua\u00e7\u00e3o\t\t\t\t\t\t\t<\/label>\n\t\t\t\t\t\t\t\t\t\t\t\t\t\t<input size=\"1\" type=\"text\" name=\"form_fields[Profissional]\" id=\"form-field-Profissional\" class=\"elementor-field elementor-size-sm  elementor-field-textual\" placeholder=\"(ex.: educador, psic\u00f3logo, TO...)\">\n\t\t\t\t\t\t\t\t\t\t\t<\/div>\n\t\t\t\t\t\t\t\t<div class=\"elementor-field-type-acceptance elementor-field-group elementor-column elementor-field-group-aceite elementor-col-100 elementor-field-required\">\n\t\t\t\t\t\t\t<div class=\"elementor-field-subgroup\">\n\t\t\t<span class=\"elementor-field-option\">\n\t\t\t\t<input type=\"checkbox\" name=\"form_fields[aceite]\" id=\"form-field-aceite\" class=\"elementor-field elementor-size-sm  elementor-acceptance-field\" required=\"required\">\n\t\t\t\t<label for=\"form-field-aceite\">Ao confirmar, autorizo a Singularmente a armazenar e processar meus dados preenchidos, bem como receber comunica\u00e7\u00f5es para a finalidade informada. Para saber mais, acesse nossa <a href=\"https:\/\/sersingularmente.com.br\/site\/politica-de-privacidade\/\" style=\"color: blue;\">Pol\u00edtica de Privacidade<\/a>.<\/label>\t\t\t<\/span>\n\t\t<\/div>\n\t\t\t\t\t\t<\/div>\n\t\t\t\t\t\t\t\t<div class=\"elementor-field-group elementor-column elementor-field-type-submit elementor-col-100 e-form__buttons\">\n\t\t\t\t\t<button class=\"elementor-button elementor-size-sm\" type=\"submit\">\n\t\t\t\t\t\t<span class=\"elementor-button-content-wrapper\">\n\t\t\t\t\t\t\t\t\t\t\t\t\t\t\t\t\t\t\t\t\t\t<span class=\"elementor-button-text\">Acessar atividade<\/span>\n\t\t\t\t\t\t\t\t\t\t\t\t\t<\/span>\n\t\t\t\t\t<\/button>\n\t\t\t\t<\/div>\n\t\t\t<\/div>\n\t\t<\/form>\n\t\t\t\t\t\t<\/div>\n\t\t\t\t<\/div>\n\t\t\t\t<div class=\"elementor-element elementor-element-3cee6472 elementor-widget elementor-widget-html\" data-id=\"3cee6472\" data-element_type=\"widget\" data-widget_type=\"html.default\">\n\t\t\t\t<div class=\"elementor-widget-container\">\n\t\t\t\t\t<script>const showThisFieldIf = {\r\n  Profissional: {\r\n    perfil: [1],\r\n  },\r\n  Pai: {\r\n    perfil: [2],\r\n  },\r\n};\r\n\r\nfunction conditionalFormFieldFunc() {\r\n  function testLogic() {\r\n    for (const [conditionalInputID, condition] of Object.entries(showThisFieldIf)) {\r\n      const conditionalInput = setInputsElemArray(conditionalInputID);\r\n      let match = true;\r\n      for (const [conditionID, conditionValues] of Object.entries(condition)) {\r\n        const inputs = setInputsElemArray(conditionID);\r\n        const selectedInputs = [];\r\n        inputs.forEach((input, i) => {\r\n          if (input.checked) {\r\n            selectedInputs.push(i);\r\n          }\r\n        });\r\n        if (inputs[0].tagName === 'SELECT') {\r\n          selectedInputs.push(inputs[0].selectedIndex);\r\n        }\r\n        const adjustedConditionValues = conditionValues.map(e => e - 1);\r\n        if (!(adjustedConditionValues.every(condition => selectedInputs.indexOf(condition) > -1))) {\r\n          match = false;\r\n        }\r\n      }\r\n      if (match) {\r\n        conditionalInput.forEach(e => e.closest('.elementor-field-group').style.display = \"block\");\r\n      } else {\r\n        conditionalInput.forEach(e => e.closest('.elementor-field-group').style.display = \"none\");\r\n      }\r\n    }\r\n  }\r\n\r\n  function setInputsElemArray(ID) {\r\n    const selectors = `[name=\"form_fields[${ID}]\"]`;\r\n    let inputs = Array.from(document.querySelectorAll(selectors));\r\n    if (!inputs.length) {\r\n      inputs = Array.from(document.querySelectorAll(`[name=\"form_fields[${ID}][]\"]`));\r\n    }\r\n    return inputs;\r\n  }\r\n\r\n  testLogic();\r\n\r\n  \/* Add event listeners *\/\r\n  for (const [conditionalInputID, condition] of Object.entries(showThisFieldIf)) {\r\n    for (const [conditionID, conditionValues] of Object.entries(condition)) {\r\n      const inputs = setInputsElemArray(conditionID);\r\n      inputs.forEach(input => {\r\n        input.addEventListener('input', function () {\r\n          testLogic();\r\n        });\r\n      });\r\n    }\r\n  }\r\n}\r\n\r\ndocument.addEventListener('DOMContentLoaded', conditionalFormFieldFunc);\r\njQuery(document).on('elementor\/popup\/show', (event, id, instance) => {\r\n  conditionalFormFieldFunc();\r\n});\r\n\r\n\r\n<\/script>\t\t\t\t<\/div>\n\t\t\t\t<\/div>\n\t\t\t\t<\/div>\n\t\t\t\t<\/div>\n\t\t\t\t<\/div>\n\t\t\t\t\t<\/div>\n\t\t\t\t<\/section>\n\t\t<div class=\"elementor-element elementor-element-33969e2b e-flex e-con-boxed e-con e-parent\" data-id=\"33969e2b\" data-element_type=\"container\">\n\t\t\t\t\t<div class=\"e-con-inner\">\n\t\t\t\t<div class=\"elementor-element elementor-element-76b54a9f elementor-position-top elementor-widget elementor-widget-image-box\" data-id=\"76b54a9f\" data-element_type=\"widget\" data-widget_type=\"image-box.default\">\n\t\t\t\t<div class=\"elementor-widget-container\">\n\t\t\t\t\t<div class=\"elementor-image-box-wrapper\"><figure class=\"elementor-image-box-img\"><img fetchpriority=\"high\" decoding=\"async\" width=\"1000\" height=\"954\" src=\"https:\/\/sersingularmente.com.br\/site\/wp-content\/uploads\/2024\/01\/selo.png\" class=\"attachment-full size-full wp-image-13676\" alt=\"\" srcset=\"https:\/\/sersingularmente.com.br\/site\/wp-content\/uploads\/2024\/01\/selo.png 1000w, https:\/\/sersingularmente.com.br\/site\/wp-content\/uploads\/2024\/01\/selo-300x286.png 300w, https:\/\/sersingularmente.com.br\/site\/wp-content\/uploads\/2024\/01\/selo-768x733.png 768w\" sizes=\"(max-width: 1000px) 100vw, 1000px\" \/><\/figure><div class=\"elementor-image-box-content\"><p class=\"elementor-image-box-description\">2025 \u00a9 SingularMente<\/p><\/div><\/div>\t\t\t\t<\/div>\n\t\t\t\t<\/div>\n\t\t\t\t\t<\/div>\n\t\t\t\t<\/div>\n\t\t\t\t<\/div>\n\t\t","protected":false},"excerpt":{"rendered":"<p>BAIXE GR\u00c1TIS Guia Pr\u00e1tico de Leitura Infantil com Prop\u00f3sito Para receber o guia e ficar por dentro dos nossos eventos, fa\u00e7a seu cadastro abaixo: Para receber o guia e ficar por dentro dos nossos eventos, fa\u00e7a seu cadastro abaixo: 2025 \u00a9 SingularMente<\/p>\n","protected":false},"author":1,"featured_media":0,"parent":0,"menu_order":0,"comment_status":"closed","ping_status":"closed","template":"elementor_canvas","meta":{"footnotes":""},"class_list":["post-14102","page","type-page","status-publish","hentry"],"aioseo_notices":[],"_links":{"self":[{"href":"https:\/\/sersingularmente.com.br\/site\/wp-json\/wp\/v2\/pages\/14102","targetHints":{"allow":["GET"]}}],"collection":[{"href":"https:\/\/sersingularmente.com.br\/site\/wp-json\/wp\/v2\/pages"}],"about":[{"href":"https:\/\/sersingularmente.com.br\/site\/wp-json\/wp\/v2\/types\/page"}],"author":[{"embeddable":true,"href":"https:\/\/sersingularmente.com.br\/site\/wp-json\/wp\/v2\/users\/1"}],"replies":[{"embeddable":true,"href":"https:\/\/sersingularmente.com.br\/site\/wp-json\/wp\/v2\/comments?post=14102"}],"version-history":[{"count":28,"href":"https:\/\/sersingularmente.com.br\/site\/wp-json\/wp\/v2\/pages\/14102\/revisions"}],"predecessor-version":[{"id":14155,"href":"https:\/\/sersingularmente.com.br\/site\/wp-json\/wp\/v2\/pages\/14102\/revisions\/14155"}],"wp:attachment":[{"href":"https:\/\/sersingularmente.com.br\/site\/wp-json\/wp\/v2\/media?parent=14102"}],"curies":[{"name":"wp","href":"https:\/\/api.w.org\/{rel}","templated":true}]}}